{"id":62,"date":"2025-06-19T13:47:12","date_gmt":"2025-06-19T19:47:12","guid":{"rendered":"https:\/\/laboratoriofacil.com\/web\/about\/"},"modified":"2025-07-31T15:44:18","modified_gmt":"2025-07-31T21:44:18","slug":"quienes-somos","status":"publish","type":"page","link":"https:\/\/laboratoriofacil.com\/web\/quienes-somos\/","title":{"rendered":"Qui\u00e9nes Somos"},"content":{"rendered":"\n<div class=\"wp-block-uagb-container uagb-block-4cb6607b alignfull uagb-is-root-container\"><div class=\"uagb-container-inner-blocks-wrap\">\n<div data-aos= \"zoom-in\" data-aos-duration=\"400\" data-aos-delay=\"0\" data-aos-easing=\"ease\" data-aos-once=\"true\" class=\"wp-block-uagb-advanced-heading uagb-block-c953f725\"><h1 class=\"uagb-heading-text\">\u00bfQui\u00e9nes Somos?<\/h1><\/div>\n<\/div><\/div>\n\n\n\n<div data-aos= \"fade-left\" data-aos-duration=\"400\" data-aos-delay=\"0\" data-aos-easing=\"ease\" data-aos-once=\"true\" class=\"wp-block-uagb-container uagb-layout-grid uagb-block-140f94f3 alignfull uagb-is-root-container\"><div class=\"uagb-container-inner-blocks-wrap\">\n<div class=\"wp-block-uagb-advanced-heading uagb-block-6ff1e384\"><h2 class=\"uagb-heading-text\">Somos su aliado en innovaci\u00f3n tecnol\u00f3gica para laboratorios cl\u00ednicos y centros de diagnostico.<\/h2><div class=\"uagb-separator\"><\/div><\/div>\n\n\n\n<div class=\"wp-block-uagb-advanced-heading uagb-block-50c3e0f0\"><p class=\"uagb-heading-text\">En <strong>Laboratorio F\u00e1cil<sup>\u00ae<\/sup><\/strong> desarrollamos soluciones inform\u00e1ticas pensadas para laboratorios cl\u00ednicos y centros de diagn\u00f3stico. Nuestra experiencia nos permite ofrecer herramientas robustas, seguras y adaptadas a las necesidades del sector salud.<\/p><\/div>\n<\/div><\/div>\n\n\n\n<div data-aos= \"fade-right\" data-aos-duration=\"400\" data-aos-delay=\"0\" data-aos-easing=\"ease\" data-aos-once=\"true\" class=\"wp-block-uagb-container uagb-layout-grid uagb-block-ec62eae4 alignfull uagb-is-root-container\"><div class=\"uagb-container-inner-blocks-wrap\">\n<div class=\"wp-block-uagb-image alignleft uagb-block-fead6ed3 wp-block-uagb-image--layout-default wp-block-uagb-image--effect-static wp-block-uagb-image--align-left\"><figure class=\"wp-block-uagb-image__figure\"><img decoding=\"async\" srcset=\"https:\/\/laboratoriofacil.com\/web\/wp-content\/uploads\/2025\/06\/Laboratorio-Facil-1.jpg ,https:\/\/laboratoriofacil.com\/web\/wp-content\/uploads\/2025\/06\/Laboratorio-Facil-1.jpg 780w, https:\/\/laboratoriofacil.com\/web\/wp-content\/uploads\/2025\/06\/Laboratorio-Facil-1.jpg 360w\" sizes=\"auto, (max-width: 480px) 150px\" src=\"https:\/\/laboratoriofacil.com\/web\/wp-content\/uploads\/2025\/06\/Laboratorio-Facil-1.jpg\" alt=\"Laboratorio F\u00e1cil\u00ae\" class=\"uag-image-841\" width=\"352\" height=\"469\" title=\"Laboratorio Facil -1\" loading=\"lazy\" role=\"img\"\/><\/figure><\/div>\n\n\n\n<div class=\"wp-block-uagb-info-box uagb-block-0b8c7a4b uagb-infobox__content-wrap  uagb-infobox-icon-above-title uagb-infobox-image-valign-top wp-block-uagb-info-box--has-margin\"><div class=\"uagb-infobox-margin-wrapper\"><div class=\"uagb-ifb-content\"><div class=\"uagb-ifb-icon-wrap\"><svg xmlns=\"https:\/\/www.w3.org\/2000\/svg\" viewBox=\"0 0 448 512\"><path d=\"M96 224C84.72 224 74.05 226.3 64 229.9V224c0-35.3 28.7-64 64-64c17.67 0 32-14.33 32-32S145.7 96 128 96C57.42 96 0 153.4 0 224v96c0 53.02 42.98 96 96 96s96-42.98 96-96S149 224 96 224zM352 224c-11.28 0-21.95 2.305-32 5.879V224c0-35.3 28.7-64 64-64c17.67 0 32-14.33 32-32s-14.33-32-32-32c-70.58 0-128 57.42-128 128v96c0 53.02 42.98 96 96 96s96-42.98 96-96S405 224 352 224z\"><\/path><\/svg><\/div><div class=\"uagb-ifb-title-wrap\"><p class=\"uagb-ifb-title-prefix\">\u00bfPor Qu\u00e9 Elegirnos?<\/p><h5 class=\"uagb-ifb-title\">Nuestros servicios est\u00e1n pensados para facilitar y optimizar la gesti\u00f3n en laboratorios cl\u00ednicos. Adaptamos la tecnolog\u00eda a sus necesidades, convirti\u00e9ndola en una poderosa herramienta de trabajo.<\/h5><\/div><\/div><\/div><\/div>\n<\/div><\/div>\n\n\n\n<div data-aos= \"fade-left\" data-aos-duration=\"400\" data-aos-delay=\"0\" data-aos-easing=\"ease\" data-aos-once=\"true\" class=\"wp-block-uagb-container uagb-block-9f5db31c alignfull uagb-is-root-container\"><div class=\"uagb-container-inner-blocks-wrap\">\n<div class=\"wp-block-uagb-advanced-heading uagb-block-132117b0\"><h6 class=\"uagb-heading-text\"><strong><strong>Resultados que hablan por nosotros<\/strong><\/strong><\/h6><\/div>\n\n\n\n<div class=\"wp-block-uagb-container uagb-block-a96e6e36 alignfull uagb-is-root-container\"><div class=\"uagb-container-inner-blocks-wrap\">\n<div class=\"wp-block-uagb-container uagb-block-e3a9b392\">\n<div class=\"wp-block-uagb-counter uagb-block-15e76b7a wp-block-uagb-counter--number\"><div class=\"wp-block-uagb-counter__number\"><span class=\"uagb-counter-block-prefix\">+<\/span><span class=\"uagb-counter-block-number\" data-duration=\"2\" data-to-value=\"500\" data-from-value=\"0\" data-delimiter=\",\"><\/span><\/div><div class=\"wp-block-uagb-counter__title\"><strong>Laboratorios gestionan sus procesos con laboratorio f\u00e1cil<\/strong><\/div><\/div>\n<\/div>\n\n\n\n<div class=\"wp-block-uagb-container uagb-block-ab5ea9e2\">\n<div class=\"wp-block-uagb-counter uagb-block-7c544f57 wp-block-uagb-counter--number\"><div class=\"wp-block-uagb-counter__number\"><span class=\"uagb-counter-block-prefix\">+<\/span><span class=\"uagb-counter-block-number\" data-duration=\"2\" data-to-value=\"750000\" data-from-value=\"0\" data-delimiter=\",\"><\/span><\/div><div class=\"wp-block-uagb-counter__title\"><strong>Resultados procesados con calidad y rapidez<\/strong><\/div><\/div>\n<\/div>\n\n\n\n<div class=\"wp-block-uagb-container uagb-block-603115c6\">\n<div class=\"wp-block-uagb-counter uagb-block-eb74eb27 wp-block-uagb-counter--number\"><div class=\"wp-block-uagb-counter__number\"><span class=\"uagb-counter-block-prefix\">+<\/span><span class=\"uagb-counter-block-number\" data-duration=\"2\" data-to-value=\"240000\" data-from-value=\"0\" data-delimiter=\",\"><\/span><\/div><div class=\"wp-block-uagb-counter__title\"><strong>Pacientes atendidos mensualmente<\/strong><\/div><\/div>\n<\/div>\n<\/div><\/div>\n<\/div><\/div>\n\n\n\n<div class=\"wp-block-uagb-container uagb-block-fb6a0d84 alignfull uagb-is-root-container\"><div class=\"uagb-container-inner-blocks-wrap\">\n<div class=\"wp-block-uagb-container uagb-block-d6b51494 alignfull uagb-is-root-container\"><div class=\"uagb-container-inner-blocks-wrap\">\n<div class=\"wp-block-uagb-advanced-heading uagb-block-3c94a63a\"><div class=\"uagb-separator\"><\/div><h3 class=\"uagb-heading-text\">Laboratorio F\u00e1cil<sup>\u00ae<\/sup>, la soluci\u00f3n para la gesti\u00f3n de laboratorios cl\u00ednicos y centros de diagn\u00f3stico.<\/h3><\/div>\n<\/div><\/div>\n<\/div><\/div>\n","protected":false},"excerpt":{"rendered":"<p>\u00bfQui\u00e9nes Somos? Somos su aliado en innovaci\u00f3n tecnol\u00f3gica para laboratorios cl\u00ednicos y centros de diagnostico. En Laboratorio F\u00e1cil\u00ae desarrollamos soluciones inform\u00e1ticas pensadas para laboratorios cl\u00ednicos y centros de diagn\u00f3stico. Nuestra experiencia nos permite ofrecer herramientas robustas, seguras y adaptadas a las necesidades del sector salud. Resultados que hablan por nosotros Laboratorio F\u00e1cil\u00ae, la soluci\u00f3n para [&hellip;]<\/p>\n","protected":false},"author":1,"featured_media":0,"parent":0,"menu_order":0,"comment_status":"closed","ping_status":"closed","template":"","meta":{"_uag_custom_page_level_css":"","site-sidebar-layout":"no-sidebar","site-content-layout":"plain-container","ast-site-content-layout":"normal-width-container","site-content-style":"unboxed","site-sidebar-style":"unboxed","ast-global-header-display":"","ast-banner-title-visibility":"","ast-main-header-display":"","ast-hfb-above-header-display":"","ast-hfb-below-header-display":"","ast-hfb-mobile-header-display":"","site-post-title":"disabled","ast-breadcrumbs-content":"","ast-featured-img":"","footer-sml-layout":"","theme-transparent-header-meta":"default","adv-header-id-meta":"","stick-header-meta":"","header-above-stick-meta":"","header-main-stick-meta":"","header-below-stick-meta":"","astra-migrate-meta-layouts":"set","ast-page-background-enabled":"default","ast-page-background-meta":{"desktop":{"background-color":"var(--ast-global-color-4)","background-image":"","background-repeat":"repeat","background-position":"center center","background-size":"auto","background-attachment":"scroll","background-type":"","background-media":"","overlay-type":"","overlay-color":"","overlay-opacity":"","overlay-gradient":""},"tablet":{"background-color":"","background-image":"","background-repeat":"repeat","background-position":"center center","background-size":"auto","background-attachment":"scroll","background-type":"","background-media":"","overlay-type":"","overlay-color":"","overlay-opacity":"","overlay-gradient":""},"mobile":{"background-color":"","background-image":"","background-repeat":"repeat","background-position":"center center","background-size":"auto","background-attachment":"scroll","background-type":"","background-media":"","overlay-type":"","overlay-color":"","overlay-opacity":"","overlay-gradient":""}},"ast-content-background-meta":{"desktop":{"background-color":"var(--ast-global-color-5)","background-image":"","background-repeat":"repeat","background-position":"center center","background-size":"auto","background-attachment":"scroll","background-type":"","background-media":"","overlay-type":"","overlay-color":"","overlay-opacity":"","overlay-gradient":""},"tablet":{"background-color":"var(--ast-global-color-5)","background-image":"","background-repeat":"repeat","background-position":"center center","background-size":"auto","background-attachment":"scroll","background-type":"","background-media":"","overlay-type":"","overlay-color":"","overlay-opacity":"","overlay-gradient":""},"mobile":{"background-color":"var(--ast-global-color-5)","background-image":"","background-repeat":"repeat","background-position":"center center","background-size":"auto","background-attachment":"scroll","background-type":"","background-media":"","overlay-type":"","overlay-color":"","overlay-opacity":"","overlay-gradient":""}},"footnotes":""},"class_list":["post-62","page","type-page","status-publish","hentry"],"uagb_featured_image_src":{"full":false,"thumbnail":false,"medium":false,"medium_large":false,"large":false,"1536x1536":false,"2048x2048":false},"uagb_author_info":{"display_name":"admin","author_link":"https:\/\/laboratoriofacil.com\/web\/author\/admin\/"},"uagb_comment_info":0,"uagb_excerpt":"\u00bfQui\u00e9nes Somos? Somos su aliado en innovaci\u00f3n tecnol\u00f3gica para laboratorios cl\u00ednicos y centros de diagnostico. En Laboratorio F\u00e1cil\u00ae desarrollamos soluciones inform\u00e1ticas pensadas para laboratorios cl\u00ednicos y centros de diagn\u00f3stico. Nuestra experiencia nos permite ofrecer herramientas robustas, seguras y adaptadas a las necesidades del sector salud. Resultados que hablan por nosotros Laboratorio F\u00e1cil\u00ae, la soluci\u00f3n para&hellip;","_links":{"self":[{"href":"https:\/\/laboratoriofacil.com\/web\/wp-json\/wp\/v2\/pages\/62","targetHints":{"allow":["GET"]}}],"collection":[{"href":"https:\/\/laboratoriofacil.com\/web\/wp-json\/wp\/v2\/pages"}],"about":[{"href":"https:\/\/laboratoriofacil.com\/web\/wp-json\/wp\/v2\/types\/page"}],"author":[{"embeddable":true,"href":"https:\/\/laboratoriofacil.com\/web\/wp-json\/wp\/v2\/users\/1"}],"replies":[{"embeddable":true,"href":"https:\/\/laboratoriofacil.com\/web\/wp-json\/wp\/v2\/comments?post=62"}],"version-history":[{"count":24,"href":"https:\/\/laboratoriofacil.com\/web\/wp-json\/wp\/v2\/pages\/62\/revisions"}],"predecessor-version":[{"id":1077,"href":"https:\/\/laboratoriofacil.com\/web\/wp-json\/wp\/v2\/pages\/62\/revisions\/1077"}],"wp:attachment":[{"href":"https:\/\/laboratoriofacil.com\/web\/wp-json\/wp\/v2\/media?parent=62"}],"curies":[{"name":"wp","href":"https:\/\/api.w.org\/{rel}","templated":true}]}}