{"id":108,"date":"2025-06-19T13:47:12","date_gmt":"2025-06-19T19:47:12","guid":{"rendered":"https:\/\/laboratoriofacil.com\/web\/home\/"},"modified":"2025-07-28T08:25:34","modified_gmt":"2025-07-28T14:25:34","slug":"inicio","status":"publish","type":"page","link":"https:\/\/laboratoriofacil.com\/web\/","title":{"rendered":"Inicio"},"content":{"rendered":"\n<div class=\"wp-block-uagb-container uagb-block-3a07fb41 alignfull uagb-is-root-container\"><div class=\"uagb-container-inner-blocks-wrap\">\n<div data-aos= \"zoom-in\" data-aos-duration=\"400\" data-aos-delay=\"0\" data-aos-easing=\"ease\" data-aos-once=\"true\" class=\"wp-block-uagb-info-box uagb-block-78054147 uagb-infobox__content-wrap  uagb-infobox-icon-above-title uagb-infobox-image-valign-top\"><div class=\"uagb-ifb-content\"><div class=\"uagb-ifb-separator\"><\/div><div class=\"uagb-ifb-title-wrap\"><h2 class=\"uagb-ifb-title\">Software para Laboratorio Cl\u00ednico y Centros de Diagn\u00f3stico<\/h2><\/div><p class=\"uagb-ifb-desc\">Optimice la gesti\u00f3n de su laboratorio con <strong>Laboratorio F\u00e1cil<sup>\u00ae<\/sup><\/strong>, una soluci\u00f3n integral que le permite ahorrar tiempo, reducir costos y trabajar con informaci\u00f3n clara y precisa.<\/p><\/div><\/div>\n<\/div><\/div>\n\n\n\n<div data-aos= \"fade-left\" data-aos-duration=\"400\" data-aos-delay=\"0\" data-aos-easing=\"ease\" data-aos-once=\"true\" class=\"wp-block-uagb-container uagb-block-d315b49f alignfull uagb-is-root-container\"><div class=\"uagb-container-inner-blocks-wrap\">\n<div class=\"wp-block-uagb-advanced-heading uagb-block-67c06a4f\"><h2 class=\"uagb-heading-text\">\u00bfQu\u00e9 es<br>Laboratorio F\u00e1cil<sup>\u00ae<\/sup>?<br><\/h2><\/div>\n\n\n\n<div class=\"wp-block-uagb-info-box uagb-block-1b9ee481 uagb-infobox__content-wrap  uagb-infobox-icon-above-title uagb-infobox-image-valign-top\"><div class=\"uagb-ifb-content\"><div class=\"uagb-ifb-title-wrap\"><\/div><div class=\"uagb-ifb-separator\"><\/div><\/div><\/div>\n\n\n\n<div class=\"wp-block-uagb-container uagb-block-ec9fa64b\">\n<div class=\"wp-block-uagb-advanced-heading uagb-block-876cfa84\"><p class=\"uagb-heading-text\">Es un software completo, intuitivo y f\u00e1cil de usar para la administraci\u00f3n de laboratorios cl\u00ednicos y centros de diagn\u00f3stico. Todas las funciones est\u00e1n a un clic de distancia. No se requieren conocimientos avanzados en computaci\u00f3n para empezar a usarlo.<\/p><\/div>\n\n\n\n<div class=\"wp-block-uagb-container uagb-block-b762d139\">\n<p><strong>Beneficios principales:<\/strong><\/p>\n\n\n\n<div class=\"wp-block-uagb-icon-list uagb-block-9de27dc8\"><div class=\"uagb-icon-list__wrap\">\n<div class=\"wp-block-uagb-icon-list-child uagb-block-4bf5e553\"><span class=\"uagb-icon-list__source-wrap\"><svg xmlns=\"https:\/\/www.w3.org\/2000\/svg\" viewBox=\"0 0 512 512\"><path d=\"M256-.0078C260.7-.0081 265.2 1.008 269.4 2.913L457.7 82.79C479.7 92.12 496.2 113.8 496 139.1C495.5 239.2 454.7 420.7 282.4 503.2C265.7 511.1 246.3 511.1 229.6 503.2C57.25 420.7 16.49 239.2 15.1 139.1C15.87 113.8 32.32 92.12 54.3 82.79L242.7 2.913C246.8 1.008 251.4-.0081 256-.0078V-.0078zM256 444.8C393.1 378 431.1 230.1 432 141.4L256 66.77L256 444.8z\"><\/path><\/svg><\/span><span class=\"uagb-icon-list__label\">Seguro, eficiente e intuitivo<\/span><\/div>\n\n\n\n<div class=\"wp-block-uagb-icon-list-child uagb-block-685d3304\"><span class=\"uagb-icon-list__source-wrap\"><svg xmlns=\"https:\/\/www.w3.org\/2000\/svg\" viewBox=\"0 0 640 512\"><path d=\"M512 448H127.1C110.3 448 96 462.3 96 479.1S110.3 512 127.1 512h384C529.7 512 544 497.7 544 480S529.7 448 512 448zM592 0h-544C21.5 0 0 21.5 0 48v320C0 394.5 21.5 416 48 416h544c26.5 0 48-21.5 48-48v-320C640 21.5 618.5 0 592 0zM576 352H64v-288h512V352z\"><\/path><\/svg><\/span><span class=\"uagb-icon-list__label\">Accesible desde un solo equipo o una red de computadoras<\/span><\/div>\n\n\n\n<div class=\"wp-block-uagb-icon-list-child uagb-block-a31be474\"><span class=\"uagb-icon-list__source-wrap\"><svg xmlns=\"https:\/\/www.w3.org\/2000\/svg\" viewBox=\"0 0 320 512\"><path d=\"M160 0C177.7 0 192 14.33 192 32V67.68C193.6 67.89 195.1 68.12 196.7 68.35C207.3 69.93 238.9 75.02 251.9 78.31C268.1 82.65 279.4 100.1 275 117.2C270.7 134.3 253.3 144.7 236.1 140.4C226.8 137.1 198.5 133.3 187.3 131.7C155.2 126.9 127.7 129.3 108.8 136.5C90.52 143.5 82.93 153.4 80.92 164.5C78.98 175.2 80.45 181.3 82.21 185.1C84.1 189.1 87.79 193.6 95.14 198.5C111.4 209.2 136.2 216.4 168.4 225.1L171.2 225.9C199.6 233.6 234.4 243.1 260.2 260.2C274.3 269.6 287.6 282.3 295.8 299.9C304.1 317.7 305.9 337.7 302.1 358.1C295.1 397 268.1 422.4 236.4 435.6C222.8 441.2 207.8 444.8 192 446.6V480C192 497.7 177.7 512 160 512C142.3 512 128 497.7 128 480V445.1C127.6 445.1 127.1 444.1 126.7 444.9L126.5 444.9C102.2 441.1 62.07 430.6 35 418.6C18.85 411.4 11.58 392.5 18.76 376.3C25.94 360.2 44.85 352.9 60.1 360.1C81.9 369.4 116.3 378.5 136.2 381.6C168.2 386.4 194.5 383.6 212.3 376.4C229.2 369.5 236.9 359.5 239.1 347.5C241 336.8 239.6 330.7 237.8 326.9C235.9 322.9 232.2 318.4 224.9 313.5C208.6 302.8 183.8 295.6 151.6 286.9L148.8 286.1C120.4 278.4 85.58 268.9 59.76 251.8C45.65 242.4 32.43 229.7 24.22 212.1C15.89 194.3 14.08 174.3 17.95 153C25.03 114.1 53.05 89.29 85.96 76.73C98.98 71.76 113.1 68.49 128 66.73V32C128 14.33 142.3 0 160 0V0z\"><\/path><\/svg><\/span><span class=\"uagb-icon-list__label\">Adaptado a cualquier moneda<\/span><\/div>\n\n\n\n<div class=\"wp-block-uagb-icon-list-child uagb-block-71c5f611\"><span class=\"uagb-icon-list__source-wrap\"><svg xmlns=\"https:\/\/www.w3.org\/2000\/svg\" viewBox=\"0 0 384 512\"><path d=\"M88 304H80V256H88C101.3 256 112 266.7 112 280C112 293.3 101.3 304 88 304zM192 256H200C208.8 256 216 263.2 216 272V336C216 344.8 208.8 352 200 352H192V256zM224 0V128C224 145.7 238.3 160 256 160H384V448C384 483.3 355.3 512 320 512H64C28.65 512 0 483.3 0 448V64C0 28.65 28.65 0 64 0H224zM64 224C55.16 224 48 231.2 48 240V368C48 376.8 55.16 384 64 384C72.84 384 80 376.8 80 368V336H88C118.9 336 144 310.9 144 280C144 249.1 118.9 224 88 224H64zM160 368C160 376.8 167.2 384 176 384H200C226.5 384 248 362.5 248 336V272C248 245.5 226.5 224 200 224H176C167.2 224 160 231.2 160 240V368zM288 224C279.2 224 272 231.2 272 240V368C272 376.8 279.2 384 288 384C296.8 384 304 376.8 304 368V320H336C344.8 320 352 312.8 352 304C352 295.2 344.8 288 336 288H304V256H336C344.8 256 352 248.8 352 240C352 231.2 344.8 224 336 224H288zM256 0L384 128H256V0z\"><\/path><\/svg><\/span><span class=\"uagb-icon-list__label\">Resultados en PDF, env\u00edo por correo o WhatsApp<\/span><\/div>\n<\/div><\/div>\n<\/div>\n<\/div>\n\n\n\n<div class=\"wp-block-uagb-separator uagb-block-831f33a4\"><div class=\"wp-block-uagb-separator__inner\" style=\"--my-background-image:\"><\/div><\/div>\n<\/div><\/div>\n\n\n\n<div data-aos= \"fade-right\" data-aos-duration=\"400\" data-aos-delay=\"0\" data-aos-easing=\"ease\" data-aos-once=\"true\" class=\"wp-block-uagb-container uagb-block-49ad763d alignfull uagb-is-root-container\"><div class=\"uagb-container-inner-blocks-wrap\">\n<div class=\"wp-block-uagb-container uagb-block-d04578e1\">\n<div class=\"wp-block-uagb-container uagb-block-be469e0b\">\n<div class=\"wp-block-uagb-advanced-heading uagb-block-02bb9a25\"><h2 class=\"uagb-heading-text\">\u00bfPor qu\u00e9 elegirnos?<\/h2><\/div>\n<\/div>\n\n\n\n<div class=\"wp-block-uagb-container uagb-block-93ef2329\">\n<div class=\"wp-block-uagb-advanced-heading uagb-block-7e09d097\"><div class=\"uagb-separator\"><\/div><p class=\"uagb-heading-text\"><strong>Tecnolog\u00eda pensada para su laboratorio<\/strong>.<br>En <strong>Laboratorio F\u00e1cil<sup>\u00ae<\/sup><\/strong>, combinamos experiencia tecnol\u00f3gica con un profundo conocimiento del sector salud. Nuestro enfoque est\u00e1 orientado a brindar soluciones reales que mejoran la gesti\u00f3n, optimizan los recursos y facilitan el trabajo diario en laboratorios cl\u00ednicos y centros de diagn\u00f3stico.<\/p><\/div>\n<\/div>\n<\/div>\n\n\n\n<div class=\"wp-block-uagb-container uagb-layout-grid uagb-block-23b5701b\">\n<div class=\"wp-block-uagb-info-box uagb-block-d5b709e9 uagb-infobox__content-wrap  uagb-infobox-icon-above-title uagb-infobox-image-valign-top\"><div class=\"uagb-ifb-content\"><div class=\"uagb-ifb-image-content\"><img decoding=\"async\" src=\"https:\/\/laboratoriofacil.com\/web\/wp-content\/uploads\/2025\/07\/Laboratorio-Facil-5.jpg\" alt=\"Laboratorio F\u00e1cil\u00ae\" width=\"368\" height=\"368\" loading=\"lazy\"\/><\/div><div class=\"uagb-ifb-title-wrap\"><h4 class=\"uagb-ifb-title\">Soluciones adaptadas a su realidad<\/h4><\/div><p class=\"uagb-ifb-desc\">Transformamos la tecnolog\u00eda en herramientas \u00fatiles para el trabajo diario en laboratorios cl\u00ednicos y centros de diagn\u00f3stico.<\/p><\/div><\/div>\n\n\n\n<div class=\"wp-block-uagb-info-box uagb-block-238e9e24 uagb-infobox__content-wrap  uagb-infobox-icon-above-title uagb-infobox-image-valign-top\"><div class=\"uagb-ifb-content\"><div class=\"uagb-ifb-image-content\"><img decoding=\"async\" src=\"https:\/\/laboratoriofacil.com\/web\/wp-content\/uploads\/2025\/07\/Laboratorio-Facil-4.jpg\" alt=\"Laboratorio F\u00e1cil\u00ae\" width=\"368\" height=\"368\" loading=\"lazy\"\/><\/div><div class=\"uagb-ifb-title-wrap\"><h4 class=\"uagb-ifb-title\">Optimizaci\u00f3n de procesos<\/h4><\/div><p class=\"uagb-ifb-desc\">Nuestros servicios est\u00e1n dise\u00f1ados para maximizar la eficiencia operativa, reduciendo tiempos y errores.<\/p><\/div><\/div>\n\n\n\n<div class=\"wp-block-uagb-info-box uagb-block-6609af5e uagb-infobox__content-wrap  uagb-infobox-icon-above-title uagb-infobox-image-valign-top\"><div class=\"uagb-ifb-content\"><div class=\"uagb-ifb-image-content\"><img decoding=\"async\" src=\"https:\/\/laboratoriofacil.com\/web\/wp-content\/uploads\/2025\/07\/Laboratorio-Facil-3.jpg\" alt=\"Laboratorio F\u00e1cil\u00ae\" width=\"368\" height=\"368\" loading=\"lazy\"\/><\/div><div class=\"uagb-ifb-title-wrap\"><h4 class=\"uagb-ifb-title\">Enfoque especializado en salud<\/h4><\/div><p class=\"uagb-ifb-desc\">Entendemos las necesidades del sector y brindamos soluciones inform\u00e1ticas alineadas con sus objetivos.<\/p><\/div><\/div>\n<\/div>\n<\/div><\/div>\n\n\n\n<div data-aos= \"fade-right\" data-aos-duration=\"400\" data-aos-delay=\"0\" data-aos-easing=\"ease\" data-aos-once=\"true\" class=\"wp-block-uagb-container uagb-block-9f333710 alignfull uagb-is-root-container\"><div class=\"uagb-container-inner-blocks-wrap\">\n<div class=\"wp-block-uagb-container uagb-block-1d6ae1f6\">\n<div class=\"wp-block-uagb-image alignleft uagb-block-e6531fee wp-block-uagb-image--layout-default wp-block-uagb-image--effect-static wp-block-uagb-image--align-left\"><figure class=\"wp-block-uagb-image__figure\"><img decoding=\"async\" srcset=\"https:\/\/laboratoriofacil.com\/web\/wp-content\/uploads\/2025\/06\/imagen_inicio2.jpg ,https:\/\/laboratoriofacil.com\/web\/wp-content\/uploads\/2025\/06\/imagen_inicio2.jpg 780w, https:\/\/laboratoriofacil.com\/web\/wp-content\/uploads\/2025\/06\/imagen_inicio2.jpg 360w\" sizes=\"auto, (max-width: 480px) 150px\" src=\"https:\/\/laboratoriofacil.com\/web\/wp-content\/uploads\/2025\/06\/imagen_inicio2.jpg\" alt=\"Laboratorio F\u00e1cil\u00ae\" class=\"uag-image-886\" width=\"480\" height=\"640\" title=\"imagen_inicio2\" loading=\"lazy\" role=\"img\"\/><\/figure><\/div>\n<\/div>\n\n\n\n<div class=\"wp-block-uagb-container uagb-block-8dd55e9b\">\n<div class=\"wp-block-uagb-advanced-heading uagb-block-ab827f44\"><h2 class=\"uagb-heading-text\">Otros Productos Adicionales<\/h2><div class=\"uagb-separator\"><\/div><\/div>\n\n\n\n<div class=\"wp-block-uagb-info-box uagb-block-f55e476a uagb-infobox__content-wrap  uagb-infobox-icon-left uagb-infobox-left uagb-infobox-image-valign-top\"><div class=\"uagb-ifb-icon-wrap\"><svg xmlns=\"https:\/\/www.w3.org\/2000\/svg\" viewBox=\"0 0 512 512\"><path d=\"M0 256C0 114.6 114.6 0 256 0C397.4 0 512 114.6 512 256C512 397.4 397.4 512 256 512C114.6 512 0 397.4 0 256zM256 352C309 352 352 309 352 256C352 202.1 309 160 256 160C202.1 160 160 202.1 160 256C160 309 202.1 352 256 352z\"><\/path><\/svg><\/div><div class=\"uagb-ifb-content\"><div class=\"uagb-ifb-title-wrap\"><h5 class=\"uagb-ifb-title\">Consulta de resultados en l\u00ednea<\/h5><\/div><p class=\"uagb-ifb-desc\">Permita a m\u00e9dicos y empresas acceder a resultados 24\/7 desde un portal web, optimizando tiempos y recursos.<\/p><\/div><\/div>\n\n\n\n<div class=\"wp-block-uagb-info-box uagb-block-35a1d63e uagb-infobox__content-wrap  uagb-infobox-icon-left uagb-infobox-left uagb-infobox-image-valign-top\"><div class=\"uagb-ifb-icon-wrap\"><svg xmlns=\"https:\/\/www.w3.org\/2000\/svg\" viewBox=\"0 0 512 512\"><path d=\"M0 256C0 114.6 114.6 0 256 0C397.4 0 512 114.6 512 256C512 397.4 397.4 512 256 512C114.6 512 0 397.4 0 256zM256 352C309 352 352 309 352 256C352 202.1 309 160 256 160C202.1 160 160 202.1 160 256C160 309 202.1 352 256 352z\"><\/path><\/svg><\/div><div class=\"uagb-ifb-content\"><div class=\"uagb-ifb-title-wrap\"><h5 class=\"uagb-ifb-title\">Integraci\u00f3n con equipos de laboratorio (LIS)<\/h5><\/div><p class=\"uagb-ifb-desc\">Obtenga resultados directamente desde sus equipos, reduciendo errores y agilizando procesos.<\/p><\/div><\/div>\n\n\n\n<div class=\"wp-block-uagb-info-box uagb-block-6867c6d5 uagb-infobox__content-wrap  uagb-infobox-icon-left uagb-infobox-left uagb-infobox-image-valign-top\"><div class=\"uagb-ifb-icon-wrap\"><svg xmlns=\"https:\/\/www.w3.org\/2000\/svg\" viewBox=\"0 0 512 512\"><path d=\"M0 256C0 114.6 114.6 0 256 0C397.4 0 512 114.6 512 256C512 397.4 397.4 512 256 512C114.6 512 0 397.4 0 256zM256 352C309 352 352 309 352 256C352 202.1 309 160 256 160C202.1 160 160 202.1 160 256C160 309 202.1 352 256 352z\"><\/path><\/svg><\/div><div class=\"uagb-ifb-content\"><div class=\"uagb-ifb-title-wrap\"><h5 class=\"uagb-ifb-title\">Facturaci\u00f3n electr\u00f3nica<\/h5><\/div><p class=\"uagb-ifb-desc\">Genere facturas electr\u00f3nicas desde el sistema, cumpliendo con la normativa y facilitando la gesti\u00f3n administrativa.<\/p><\/div><\/div>\n\n\n\n<div class=\"wp-block-uagb-info-box uagb-block-b320ad5a uagb-infobox__content-wrap  uagb-infobox-icon-left uagb-infobox-left uagb-infobox-image-valign-top\"><div class=\"uagb-ifb-icon-wrap\"><svg xmlns=\"https:\/\/www.w3.org\/2000\/svg\" viewBox=\"0 0 512 512\"><path d=\"M0 256C0 114.6 114.6 0 256 0C397.4 0 512 114.6 512 256C512 397.4 397.4 512 256 512C114.6 512 0 397.4 0 256zM256 352C309 352 352 309 352 256C352 202.1 309 160 256 160C202.1 160 160 202.1 160 256C160 309 202.1 352 256 352z\"><\/path><\/svg><\/div><div class=\"uagb-ifb-content\"><div class=\"uagb-ifb-title-wrap\"><h5 class=\"uagb-ifb-title\">Informes con c\u00f3digo QR<\/h5><\/div><p class=\"uagb-ifb-desc\">Incluya un QR en los informes para validar su autenticidad f\u00e1cilmente desde cualquier dispositivo.<\/p><\/div><\/div>\n<\/div>\n<\/div><\/div>\n\n\n\n<div class=\"wp-block-uagb-container uagb-block-fb6a0d84 alignfull uagb-is-root-container\"><div class=\"uagb-container-inner-blocks-wrap\">\n<div class=\"wp-block-uagb-container uagb-block-d6b51494 alignfull uagb-is-root-container\"><div class=\"uagb-container-inner-blocks-wrap\">\n<div class=\"wp-block-uagb-advanced-heading uagb-block-3c94a63a\"><div class=\"uagb-separator\"><\/div><h3 class=\"uagb-heading-text\">Laboratorio F\u00e1cil<sup>\u00ae<\/sup>, la soluci\u00f3n para la gesti\u00f3n de laboratorios cl\u00ednicos y centros de diagn\u00f3stico.<\/h3><\/div>\n<\/div><\/div>\n<\/div><\/div>\n","protected":false},"excerpt":{"rendered":"<p>\u00bfQu\u00e9 esLaboratorio F\u00e1cil\u00ae? Es un software completo, intuitivo y f\u00e1cil de usar para la administraci\u00f3n de laboratorios cl\u00ednicos y centros de diagn\u00f3stico. Todas las funciones est\u00e1n a un clic de distancia. No se requieren conocimientos avanzados en computaci\u00f3n para empezar a usarlo. Beneficios principales: \u00bfPor qu\u00e9 elegirnos? Tecnolog\u00eda pensada para su laboratorio.En Laboratorio F\u00e1cil\u00ae, combinamos [&hellip;]<\/p>\n","protected":false},"author":1,"featured_media":0,"parent":0,"menu_order":0,"comment_status":"closed","ping_status":"closed","template":"","meta":{"_uag_custom_page_level_css":"","site-sidebar-layout":"no-sidebar","site-content-layout":"plain-container","ast-site-content-layout":"normal-width-container","site-content-style":"unboxed","site-sidebar-style":"unboxed","ast-global-header-display":"","ast-banner-title-visibility":"","ast-main-header-display":"","ast-hfb-above-header-display":"","ast-hfb-below-header-display":"","ast-hfb-mobile-header-display":"","site-post-title":"disabled","ast-breadcrumbs-content":"","ast-featured-img":"disabled","footer-sml-layout":"","theme-transparent-header-meta":"default","adv-header-id-meta":"","stick-header-meta":"","header-above-stick-meta":"","header-main-stick-meta":"","header-below-stick-meta":"","astra-migrate-meta-layouts":"set","ast-page-background-enabled":"default","ast-page-background-meta":{"desktop":{"background-color":"var(--ast-global-color-4)","background-image":"","background-repeat":"repeat","background-position":"center center","background-size":"auto","background-attachment":"scroll","background-type":"","background-media":"","overlay-type":"","overlay-color":"","overlay-opacity":"","overlay-gradient":""},"tablet":{"background-color":"","background-image":"","background-repeat":"repeat","background-position":"center center","background-size":"auto","background-attachment":"scroll","background-type":"","background-media":"","overlay-type":"","overlay-color":"","overlay-opacity":"","overlay-gradient":""},"mobile":{"background-color":"","background-image":"","background-repeat":"repeat","background-position":"center center","background-size":"auto","background-attachment":"scroll","background-type":"","background-media":"","overlay-type":"","overlay-color":"","overlay-opacity":"","overlay-gradient":""}},"ast-content-background-meta":{"desktop":{"background-color":"var(--ast-global-color-5)","background-image":"","background-repeat":"repeat","background-position":"center center","background-size":"auto","background-attachment":"scroll","background-type":"","background-media":"","overlay-type":"","overlay-color":"","overlay-opacity":"","overlay-gradient":""},"tablet":{"background-color":"var(--ast-global-color-5)","background-image":"","background-repeat":"repeat","background-position":"center center","background-size":"auto","background-attachment":"scroll","background-type":"","background-media":"","overlay-type":"","overlay-color":"","overlay-opacity":"","overlay-gradient":""},"mobile":{"background-color":"var(--ast-global-color-5)","background-image":"","background-repeat":"repeat","background-position":"center center","background-size":"auto","background-attachment":"scroll","background-type":"","background-media":"","overlay-type":"","overlay-color":"","overlay-opacity":"","overlay-gradient":""}},"footnotes":""},"class_list":["post-108","page","type-page","status-publish","hentry"],"uagb_featured_image_src":{"full":false,"thumbnail":false,"medium":false,"medium_large":false,"large":false,"1536x1536":false,"2048x2048":false},"uagb_author_info":{"display_name":"admin","author_link":"https:\/\/laboratoriofacil.com\/web\/author\/admin\/"},"uagb_comment_info":0,"uagb_excerpt":"\u00bfQu\u00e9 esLaboratorio F\u00e1cil\u00ae? Es un software completo, intuitivo y f\u00e1cil de usar para la administraci\u00f3n de laboratorios cl\u00ednicos y centros de diagn\u00f3stico. Todas las funciones est\u00e1n a un clic de distancia. No se requieren conocimientos avanzados en computaci\u00f3n para empezar a usarlo. Beneficios principales: \u00bfPor qu\u00e9 elegirnos? Tecnolog\u00eda pensada para su laboratorio.En Laboratorio F\u00e1cil\u00ae, combinamos&hellip;","_links":{"self":[{"href":"https:\/\/laboratoriofacil.com\/web\/wp-json\/wp\/v2\/pages\/108","targetHints":{"allow":["GET"]}}],"collection":[{"href":"https:\/\/laboratoriofacil.com\/web\/wp-json\/wp\/v2\/pages"}],"about":[{"href":"https:\/\/laboratoriofacil.com\/web\/wp-json\/wp\/v2\/types\/page"}],"author":[{"embeddable":true,"href":"https:\/\/laboratoriofacil.com\/web\/wp-json\/wp\/v2\/users\/1"}],"replies":[{"embeddable":true,"href":"https:\/\/laboratoriofacil.com\/web\/wp-json\/wp\/v2\/comments?post=108"}],"version-history":[{"count":34,"href":"https:\/\/laboratoriofacil.com\/web\/wp-json\/wp\/v2\/pages\/108\/revisions"}],"predecessor-version":[{"id":1066,"href":"https:\/\/laboratoriofacil.com\/web\/wp-json\/wp\/v2\/pages\/108\/revisions\/1066"}],"wp:attachment":[{"href":"https:\/\/laboratoriofacil.com\/web\/wp-json\/wp\/v2\/media?parent=108"}],"curies":[{"name":"wp","href":"https:\/\/api.w.org\/{rel}","templated":true}]}}